{"id":72,"date":"2025-06-08T13:34:52","date_gmt":"2025-06-08T11:34:52","guid":{"rendered":"https:\/\/edition.somni.de\/?post_type=product&#038;p=72"},"modified":"2025-08-24T21:42:09","modified_gmt":"2025-08-24T19:42:09","slug":"rettet-pluto","status":"publish","type":"product","link":"https:\/\/edition.somni.de\/en\/product\/rettet-pluto\/","title":{"rendered":"Rettet Pluto!"},"content":{"rendered":"<p class=\"p1\"><span class=\"s1\">Rettet Pluto!<\/span><\/p>\n<p class=\"p2\">ein Singspiel f\u00fcr und mit Kindern<br \/>\nf\u00fcr Kinderchor und -solisten,<span class=\"Apple-converted-space\">\u00a0 <\/span>Bass-Stimme<br \/>\nund Kammermusikensemble<br \/>\nLibretto: Katia Tchemberdji<br \/>\nDem kleinen Planeten Pluto wird von einer Beh\u00f6rde den Gro\u00dfplaneten-Status aberkannt; die Beh\u00f6rde schickt nach Pluto einen Beamten (ein professioneller S\u00e4nger, Bass), der den Bewohnern von Pluto diese Entscheidung verk\u00fcndet. Er ist beauftragt, die Beleuchtung und die Schwerkraft auf dem Planeten abzuschalten. Die Plutonier sind\u00a0 entsetzt und schicken einen Hilferuf zur Erde. Das Notsignal wird vom Astronauten empfangen. Der Astronaut stellt eine schwerwiegende Mannschaft zusammen und fliegt zu\u00a0 Pluto. Dort, gemeinsame mit den Bewohnern vom Planeten, besiegen sie den Beamten und stellen auf Pluto wieder den urspr\u00fcnglichen Zustand her.<br \/>\nPartitur, Format: A3<\/p>","protected":false},"excerpt":{"rendered":"<p class=\"p1\"><span class=\"s1\">Rettet Pluto!<\/span><\/p>\n<p class=\"p2\">ein Singspiel f\u00fcr und mit Kindern<br \/>\nf\u00fcr Kinderchor und -solisten,<span class=\"Apple-converted-space\">\u00a0 <\/span>Bass-Stimme<br \/>\nund Kammermusikensemble.<\/p>","protected":false},"featured_media":103,"template":"","meta":{"_acf_changed":false},"product_brand":[],"product_cat":[36,34,35],"product_tag":[],"class_list":{"0":"post-72","1":"product","2":"type-product","3":"status-publish","4":"has-post-thumbnail","6":"product_cat-fuer-kinder","7":"product_cat-kammermusik","8":"product_cat-vokal","9":"product_shipping_class-paket-bis-2-kg","10":"entry","12":"first","13":"instock","14":"taxable","15":"shipping-taxable","16":"purchasable","17":"product-type-simple"},"acf":[],"_links":{"self":[{"href":"https:\/\/edition.somni.de\/en\/wp-json\/wp\/v2\/product\/72","targetHints":{"allow":["GET"]}}],"collection":[{"href":"https:\/\/edition.somni.de\/en\/wp-json\/wp\/v2\/product"}],"about":[{"href":"https:\/\/edition.somni.de\/en\/wp-json\/wp\/v2\/types\/product"}],"wp:featuredmedia":[{"embeddable":true,"href":"https:\/\/edition.somni.de\/en\/wp-json\/wp\/v2\/media\/103"}],"wp:attachment":[{"href":"https:\/\/edition.somni.de\/en\/wp-json\/wp\/v2\/media?parent=72"}],"wp:term":[{"taxonomy":"product_brand","embeddable":true,"href":"https:\/\/edition.somni.de\/en\/wp-json\/wp\/v2\/product_brand?post=72"},{"taxonomy":"product_cat","embeddable":true,"href":"https:\/\/edition.somni.de\/en\/wp-json\/wp\/v2\/product_cat?post=72"},{"taxonomy":"product_tag","embeddable":true,"href":"https:\/\/edition.somni.de\/en\/wp-json\/wp\/v2\/product_tag?post=72"}],"curies":[{"name":"wp","href":"https:\/\/api.w.org\/{rel}","templated":true}]}}