{"id":55,"date":"2025-06-08T14:07:10","date_gmt":"2025-06-08T12:07:10","guid":{"rendered":"https:\/\/edition.somni.de\/?post_type=product&#038;p=55"},"modified":"2025-08-24T21:35:50","modified_gmt":"2025-08-24T19:35:50","slug":"theorina-zauberin-der-musik-ein-singspiel-fuer-kinderchor","status":"publish","type":"product","link":"https:\/\/edition.somni.de\/en\/product\/theorina-zauberin-der-musik-ein-singspiel-fuer-kinderchor\/","title":{"rendered":"Theorina &#8211; Zauberin der Musik  &#8211;  ein Singspiel f\u00fcr Kinderchor"},"content":{"rendered":"<p class=\"p1\">Die Komposition ist als ein kleines Theaterst\u00fcck gestaltet mit Chorliedern, Sprechdialogen und k\u00fcrzeren Soli, begleitet vom Klavier. Die Chorlieder sind ein- bis zweistimmig.<\/p>\n<p class=\"p1\">THEORINA ist ein musikalisches M\u00e4rchen in welchem ein Kinderchor von einem musikalischen Zauberwald tr\u00e4umt.<\/p>\n<p class=\"p1\">Der Chor sucht darin nach der Zauberin THEORINA. Sie ist gefl\u00fcchtet vor dem b\u00f6sen VIRUS VAMPIRUS. Auf der Suche nach THEORINA begegnet der Chor den verschiedenen Waldbewohnern: das sind verschiedenen Tonarten und Intervalle, das sind Einzelt\u00f6nchen und Akkorde und vieles mehr. Diese Begegnungen sind musikalischer Art, so dass der Chor eine praktische musikalische Erfahrung im Bereich der Musiktheorie gewinnen kann.<\/p>\n<p class=\"p1\">Die gesungenen und gesprochenen Texte kombinieren einfaches musikalisches Wissen mit Witz und Zauberei.<\/p>\n<p class=\"p1\">Zum Schluss wird der VIRUS VAMPIRUS besiegt und wird THEORINA gefunden.<\/p>\n<p class=\"p1\">Auff\u00fchrungsdauer: 44 Minuten.<\/p>\n<p class=\"p1\">Das Buch ist farbig von der Komponistin illustriert.<\/p>","protected":false},"excerpt":{"rendered":"<p class=\"p1\">THEORINA ist ein musikalisches M\u00e4rchen in welchem ein (M\u00e4dchen)-Chor von einem musikalischen Zauberwald tr\u00e4umt.<br \/>\nGebunden.<\/p>","protected":false},"featured_media":86,"template":"","meta":{"_acf_changed":false},"product_brand":[],"product_cat":[36,33,48,35],"product_tag":[],"class_list":{"0":"post-55","1":"product","2":"type-product","3":"status-publish","4":"has-post-thumbnail","6":"product_cat-fuer-kinder","7":"product_cat-klavier","8":"product_cat-noten-musiktheorie","9":"product_cat-vokal","10":"product_shipping_class-maxbrief-bis-1000g","11":"entry","13":"first","14":"instock","15":"taxable","16":"shipping-taxable","17":"purchasable","18":"product-type-simple"},"acf":[],"_links":{"self":[{"href":"https:\/\/edition.somni.de\/en\/wp-json\/wp\/v2\/product\/55","targetHints":{"allow":["GET"]}}],"collection":[{"href":"https:\/\/edition.somni.de\/en\/wp-json\/wp\/v2\/product"}],"about":[{"href":"https:\/\/edition.somni.de\/en\/wp-json\/wp\/v2\/types\/product"}],"wp:featuredmedia":[{"embeddable":true,"href":"https:\/\/edition.somni.de\/en\/wp-json\/wp\/v2\/media\/86"}],"wp:attachment":[{"href":"https:\/\/edition.somni.de\/en\/wp-json\/wp\/v2\/media?parent=55"}],"wp:term":[{"taxonomy":"product_brand","embeddable":true,"href":"https:\/\/edition.somni.de\/en\/wp-json\/wp\/v2\/product_brand?post=55"},{"taxonomy":"product_cat","embeddable":true,"href":"https:\/\/edition.somni.de\/en\/wp-json\/wp\/v2\/product_cat?post=55"},{"taxonomy":"product_tag","embeddable":true,"href":"https:\/\/edition.somni.de\/en\/wp-json\/wp\/v2\/product_tag?post=55"}],"curies":[{"name":"wp","href":"https:\/\/api.w.org\/{rel}","templated":true}]}}