{"id":53,"date":"2025-06-08T13:44:25","date_gmt":"2025-06-08T11:44:25","guid":{"rendered":"https:\/\/edition.somni.de\/?post_type=product&#038;p=53"},"modified":"2025-08-24T21:38:41","modified_gmt":"2025-08-24T19:38:41","slug":"kanons","status":"publish","type":"product","link":"https:\/\/edition.somni.de\/en\/product\/kanons\/","title":{"rendered":"Kanons"},"content":{"rendered":"<p class=\"p1\">Eine Sammlung von diversen Kanons f\u00fcr verschiedene Anl\u00e4sse.<\/p>\n<p>Schwierigkeitsstufe: leicht bis schwer<br \/>\nAlter: Kinder und Erwachsene<br \/>\nBesetzung: a cappella, Chor oder solistisch<\/p>\n<p class=\"p1\">Texte: aus der Bibel, von Christian Filips, Ludwig Wittgenstein, Katia Tchemberdji<\/p>","protected":false},"excerpt":{"rendered":"<p class=\"p1\">Eine Sammlung von diversen Kanons (a cappella) f\u00fcr verschiedene Anl\u00e4sse. F\u00fcr Kinder und Erwachsene.<\/p>\n<p>&nbsp;<\/p>","protected":false},"featured_media":96,"template":"","meta":{"_acf_changed":false},"product_brand":[],"product_cat":[36,35],"product_tag":[],"class_list":{"0":"post-53","1":"product","2":"type-product","3":"status-publish","4":"has-post-thumbnail","6":"product_cat-fuer-kinder","7":"product_cat-vokal","8":"product_shipping_class-grossbrief-bis-500g","9":"entry","11":"first","12":"instock","13":"taxable","14":"shipping-taxable","15":"purchasable","16":"product-type-simple"},"acf":[],"_links":{"self":[{"href":"https:\/\/edition.somni.de\/en\/wp-json\/wp\/v2\/product\/53","targetHints":{"allow":["GET"]}}],"collection":[{"href":"https:\/\/edition.somni.de\/en\/wp-json\/wp\/v2\/product"}],"about":[{"href":"https:\/\/edition.somni.de\/en\/wp-json\/wp\/v2\/types\/product"}],"wp:featuredmedia":[{"embeddable":true,"href":"https:\/\/edition.somni.de\/en\/wp-json\/wp\/v2\/media\/96"}],"wp:attachment":[{"href":"https:\/\/edition.somni.de\/en\/wp-json\/wp\/v2\/media?parent=53"}],"wp:term":[{"taxonomy":"product_brand","embeddable":true,"href":"https:\/\/edition.somni.de\/en\/wp-json\/wp\/v2\/product_brand?post=53"},{"taxonomy":"product_cat","embeddable":true,"href":"https:\/\/edition.somni.de\/en\/wp-json\/wp\/v2\/product_cat?post=53"},{"taxonomy":"product_tag","embeddable":true,"href":"https:\/\/edition.somni.de\/en\/wp-json\/wp\/v2\/product_tag?post=53"}],"curies":[{"name":"wp","href":"https:\/\/api.w.org\/{rel}","templated":true}]}}