{"id":49,"date":"2025-06-08T13:41:55","date_gmt":"2025-06-08T11:41:55","guid":{"rendered":"https:\/\/edition.somni.de\/?post_type=product&#038;p=49"},"modified":"2025-08-24T21:39:11","modified_gmt":"2025-08-24T19:39:11","slug":"intervallenliedchen","status":"publish","type":"product","link":"https:\/\/edition.somni.de\/en\/product\/intervallenliedchen\/","title":{"rendered":"Intervallenliedchen"},"content":{"rendered":"<p class=\"p1\">Die INTERVALLENLIEDCHEN sind eine kleine Sammlung sehr kurzer, illustrierter Lieder \u00fcber die Intervalle innerhalb einer Oktave. Die Lieder sind in der Struktur ihrer Intervalle und im Text sehr stark auf das jeweilige Intervall ausgerichtet und mit ihm verbunden und k\u00f6nnen wie kleine musikalische Eselsbr\u00fccken betrachtet werden. F\u00fcr Kinder bis 10 Jahre.<\/p>","protected":false},"excerpt":{"rendered":"<p>Die INTERVALLENLIEDCHEN sind eine kleine Sammlung sehr kurzer, illustrierter Lieder \u00fcber die Intervalle innerhalb einer Oktave.<\/p>","protected":false},"featured_media":94,"template":"","meta":{"_acf_changed":false},"product_brand":[],"product_cat":[36,48,35],"product_tag":[],"class_list":{"0":"post-49","1":"product","2":"type-product","3":"status-publish","4":"has-post-thumbnail","6":"product_cat-fuer-kinder","7":"product_cat-noten-musiktheorie","8":"product_cat-vokal","9":"product_shipping_class-grossbrief-bis-500g","10":"entry","12":"first","13":"instock","14":"taxable","15":"shipping-taxable","16":"purchasable","17":"product-type-simple"},"acf":[],"_links":{"self":[{"href":"https:\/\/edition.somni.de\/en\/wp-json\/wp\/v2\/product\/49","targetHints":{"allow":["GET"]}}],"collection":[{"href":"https:\/\/edition.somni.de\/en\/wp-json\/wp\/v2\/product"}],"about":[{"href":"https:\/\/edition.somni.de\/en\/wp-json\/wp\/v2\/types\/product"}],"wp:featuredmedia":[{"embeddable":true,"href":"https:\/\/edition.somni.de\/en\/wp-json\/wp\/v2\/media\/94"}],"wp:attachment":[{"href":"https:\/\/edition.somni.de\/en\/wp-json\/wp\/v2\/media?parent=49"}],"wp:term":[{"taxonomy":"product_brand","embeddable":true,"href":"https:\/\/edition.somni.de\/en\/wp-json\/wp\/v2\/product_brand?post=49"},{"taxonomy":"product_cat","embeddable":true,"href":"https:\/\/edition.somni.de\/en\/wp-json\/wp\/v2\/product_cat?post=49"},{"taxonomy":"product_tag","embeddable":true,"href":"https:\/\/edition.somni.de\/en\/wp-json\/wp\/v2\/product_tag?post=49"}],"curies":[{"name":"wp","href":"https:\/\/api.w.org\/{rel}","templated":true}]}}