{"id":47,"date":"2025-06-08T13:40:34","date_gmt":"2025-06-08T11:40:34","guid":{"rendered":"https:\/\/edition.somni.de\/?post_type=product&#038;p=47"},"modified":"2025-08-24T21:39:53","modified_gmt":"2025-08-24T19:39:53","slug":"surprises-9-kleine-klavierstuecke-fuer-kinder","status":"publish","type":"product","link":"https:\/\/edition.somni.de\/en\/product\/surprises-9-kleine-klavierstuecke-fuer-kinder\/","title":{"rendered":"Surprises &#8211; 9 kleine Klavierst\u00fccke f\u00fcr Kinder"},"content":{"rendered":"<p class=\"p1\">Das musikalische M\u00e4rchen SURPRISES ist ein Klavierzyklus aus neun kleinen Klavierst\u00fccken. In jedem dieser Klavierst\u00fccke erlebt FEDERMATZ\u00ae<span class=\"Apple-converted-space\">\u00a0 <\/span>eine \u00dcberraschung. Manchmal fliegt er auch mit seinem MATZFLIEGER\u00ae! Diese Klavierst\u00fccke eignen sich f\u00fcr Kinder sowohl zum H\u00f6ren, als auch zum Spielen (mittlere Schwierigkeitsstufe).<\/p>\n<p class=\"p1\">Texte: Katia Tchemberdji, illustriert von Fran\u00e7ois Vannier.<\/p>","protected":false},"excerpt":{"rendered":"<p class=\"p1\">SURPRISES\u00a0 &#8211;\u00a0 \u00a09 kleine Klavierst\u00fccke f\u00fcr Kinder<\/p>\n<p class=\"p1\">Surprises sind Klavierst\u00fccke f\u00fcr Kinder mit\u00a0 Zwischentexten\u00a0 und Zeichnungen, durch welche sich der kleine FEDERMATZ bewegt. Mittlere Schwierigkeitsstufe.<\/p>","protected":false},"featured_media":108,"template":"","meta":{"_acf_changed":false},"product_brand":[],"product_cat":[36,33],"product_tag":[],"class_list":{"0":"post-47","1":"product","2":"type-product","3":"status-publish","4":"has-post-thumbnail","6":"product_cat-fuer-kinder","7":"product_cat-klavier","8":"product_shipping_class-grossbrief-bis-500g","9":"entry","11":"first","12":"instock","13":"taxable","14":"shipping-taxable","15":"purchasable","16":"product-type-simple"},"acf":[],"_links":{"self":[{"href":"https:\/\/edition.somni.de\/en\/wp-json\/wp\/v2\/product\/47","targetHints":{"allow":["GET"]}}],"collection":[{"href":"https:\/\/edition.somni.de\/en\/wp-json\/wp\/v2\/product"}],"about":[{"href":"https:\/\/edition.somni.de\/en\/wp-json\/wp\/v2\/types\/product"}],"wp:featuredmedia":[{"embeddable":true,"href":"https:\/\/edition.somni.de\/en\/wp-json\/wp\/v2\/media\/108"}],"wp:attachment":[{"href":"https:\/\/edition.somni.de\/en\/wp-json\/wp\/v2\/media?parent=47"}],"wp:term":[{"taxonomy":"product_brand","embeddable":true,"href":"https:\/\/edition.somni.de\/en\/wp-json\/wp\/v2\/product_brand?post=47"},{"taxonomy":"product_cat","embeddable":true,"href":"https:\/\/edition.somni.de\/en\/wp-json\/wp\/v2\/product_cat?post=47"},{"taxonomy":"product_tag","embeddable":true,"href":"https:\/\/edition.somni.de\/en\/wp-json\/wp\/v2\/product_tag?post=47"}],"curies":[{"name":"wp","href":"https:\/\/api.w.org\/{rel}","templated":true}]}}