{"id":44,"date":"2025-06-08T13:39:28","date_gmt":"2025-06-08T11:39:28","guid":{"rendered":"https:\/\/edition.somni.de\/?post_type=product&#038;p=44"},"modified":"2025-08-24T21:40:46","modified_gmt":"2025-08-24T19:40:46","slug":"kleine-suite-im-alten-stil-mit-oder-ohne-glockenklang","status":"publish","type":"product","link":"https:\/\/edition.somni.de\/en\/product\/kleine-suite-im-alten-stil-mit-oder-ohne-glockenklang\/","title":{"rendered":"Kleine Suite im alten Stil mit oder ohne Glockenklang"},"content":{"rendered":"<p class=\"p1\">Die Kleine Suite f\u00fcr Klavier umfasst sechs kleine S\u00e4tze. Sie sind verbunden durch eine Geschichte: es ist eine Reise durch eine musikalische Landschaft in einem Zug.<\/p>\n<p class=\"p1\">In den Noten sind kleine Texte und Zeichnungen, die von der Komponistin selbst geschaffen wurden. Auf unterhaltsame Art und Weise begegnen die Klangpassagiere und Notenreisenden seltsamen und witzigen Gesch\u00f6pfen aus dem Reich der Musiktheorie!<\/p>\n<p class=\"p1\">Der Lokf\u00fchrer hei\u00dft etwa: Reines Moll. Der Zug l\u00e4uft am Ufer des Flusses \u201aCourante\u2018. Am Rangierbahnhof arbeitet der vierstimmige Drache Polyphon und andere mehr.<\/p>\n<p class=\"p1\">Am Ende des Buches befindet sich ein kleines Glossar der Musikbegriffe mit Erkl\u00e4rungen und Zeichnungen.<\/p>\n<p class=\"p1\">Schwierigkeitsgrad: ab 10 Jahre<\/p>\n<p class=\"p1\">F\u00fcr die Auff\u00fchrung gibt es die zus\u00e4tzliche M\u00f6glichkeit, einfaches Schlagzeug dazu zu nehmen (beispielsweise Triangel, zwei kleine Gl\u00f6ckchen) &#8211; es ist aber nicht obligatorisch.<\/p>","protected":false},"excerpt":{"rendered":"<p class=\"p1\">Kleine Suite im alten Stil mit oder ohne Glockenklang<br \/>\nEine kleine musikalische Geschichte mit Text und Zeichnungen<br \/>\nf\u00fcr Klavier<\/p>\n<p class=\"p1\">F\u00fcr Kinder ab 10 Jahren.<\/p>","protected":false},"featured_media":88,"template":"","meta":{"_acf_changed":false},"product_brand":[],"product_cat":[36,33,48],"product_tag":[],"class_list":{"0":"post-44","1":"product","2":"type-product","3":"status-publish","4":"has-post-thumbnail","6":"product_cat-fuer-kinder","7":"product_cat-klavier","8":"product_cat-noten-musiktheorie","9":"product_shipping_class-grossbrief-bis-500g","10":"entry","12":"first","13":"instock","14":"taxable","15":"shipping-taxable","16":"purchasable","17":"product-type-simple"},"acf":[],"_links":{"self":[{"href":"https:\/\/edition.somni.de\/en\/wp-json\/wp\/v2\/product\/44","targetHints":{"allow":["GET"]}}],"collection":[{"href":"https:\/\/edition.somni.de\/en\/wp-json\/wp\/v2\/product"}],"about":[{"href":"https:\/\/edition.somni.de\/en\/wp-json\/wp\/v2\/types\/product"}],"wp:featuredmedia":[{"embeddable":true,"href":"https:\/\/edition.somni.de\/en\/wp-json\/wp\/v2\/media\/88"}],"wp:attachment":[{"href":"https:\/\/edition.somni.de\/en\/wp-json\/wp\/v2\/media?parent=44"}],"wp:term":[{"taxonomy":"product_brand","embeddable":true,"href":"https:\/\/edition.somni.de\/en\/wp-json\/wp\/v2\/product_brand?post=44"},{"taxonomy":"product_cat","embeddable":true,"href":"https:\/\/edition.somni.de\/en\/wp-json\/wp\/v2\/product_cat?post=44"},{"taxonomy":"product_tag","embeddable":true,"href":"https:\/\/edition.somni.de\/en\/wp-json\/wp\/v2\/product_tag?post=44"}],"curies":[{"name":"wp","href":"https:\/\/api.w.org\/{rel}","templated":true}]}}