{"id":204,"date":"2025-08-22T19:54:04","date_gmt":"2025-08-22T17:54:04","guid":{"rendered":"https:\/\/edition.somni.de\/?post_type=product&#038;p=204"},"modified":"2025-08-24T21:31:54","modified_gmt":"2025-08-24T19:31:54","slug":"ein-satz-fuer-floete-und-kammerorchester","status":"publish","type":"product","link":"https:\/\/edition.somni.de\/en\/product\/ein-satz-fuer-floete-und-kammerorchester\/","title":{"rendered":"Ein Satz f\u00fcr Fl\u00f6te und Kammerorchester"},"content":{"rendered":"<p>Ein Satz f\u00fcr Fl\u00f6te und Kammerorchester (2022)<br \/>\nDauer: ca. 11 Minuten<br \/>\nBESETZUNG: Fl\u00f6te solo (auch Piccolo), Oboe, Klarinette (B), Fagott, Horn (F), Trompete (B), Violinen I und II Violas, Violoncelli, Kontrab\u00e4sse (5 Saiten), Harfe, Celesta, Xylophon, Pauken, Perkussion.<br \/>\nOrchesterstimmen bestellbar auf Anfrage<\/p>","protected":false},"excerpt":{"rendered":"<p>Ein Satz f\u00fcr Fl\u00f6te und Kammerorchester (2022) Dauer: ca. 11 Minuten BESETZUNG: Fl\u00f6te solo (auch Piccolo), Oboe, Klarinette (B), Fagott, Horn (F), Trompete (B), Violinen I und II Violas, Violoncelli, Kontrab\u00e4sse (5 Saiten), Harfe, Celesta, Xylophon, Pauken, Perkussion. Orchesterstimmen bestellbar auf Anfrage<\/p>","protected":false},"featured_media":205,"template":"","meta":{"_acf_changed":false},"product_brand":[],"product_cat":[37],"product_tag":[],"class_list":{"0":"post-204","1":"product","2":"type-product","3":"status-publish","4":"has-post-thumbnail","6":"product_cat-grossbesetzungen","7":"product_shipping_class-maxbrief-bis-1000g","8":"entry","10":"first","11":"instock","12":"taxable","13":"shipping-taxable","14":"purchasable","15":"product-type-simple"},"acf":[],"_links":{"self":[{"href":"https:\/\/edition.somni.de\/en\/wp-json\/wp\/v2\/product\/204","targetHints":{"allow":["GET"]}}],"collection":[{"href":"https:\/\/edition.somni.de\/en\/wp-json\/wp\/v2\/product"}],"about":[{"href":"https:\/\/edition.somni.de\/en\/wp-json\/wp\/v2\/types\/product"}],"wp:featuredmedia":[{"embeddable":true,"href":"https:\/\/edition.somni.de\/en\/wp-json\/wp\/v2\/media\/205"}],"wp:attachment":[{"href":"https:\/\/edition.somni.de\/en\/wp-json\/wp\/v2\/media?parent=204"}],"wp:term":[{"taxonomy":"product_brand","embeddable":true,"href":"https:\/\/edition.somni.de\/en\/wp-json\/wp\/v2\/product_brand?post=204"},{"taxonomy":"product_cat","embeddable":true,"href":"https:\/\/edition.somni.de\/en\/wp-json\/wp\/v2\/product_cat?post=204"},{"taxonomy":"product_tag","embeddable":true,"href":"https:\/\/edition.somni.de\/en\/wp-json\/wp\/v2\/product_tag?post=204"}],"curies":[{"name":"wp","href":"https:\/\/api.w.org\/{rel}","templated":true}]}}