{"id":199,"date":"2025-08-20T23:30:51","date_gmt":"2025-08-20T21:30:51","guid":{"rendered":"https:\/\/edition.somni.de\/?post_type=product&#038;p=199"},"modified":"2025-08-24T21:32:32","modified_gmt":"2025-08-24T19:32:32","slug":"praeludium-fuer-11-oder-12-blechblasinstrumente","status":"publish","type":"product","link":"https:\/\/edition.somni.de\/en\/product\/praeludium-fuer-11-oder-12-blechblasinstrumente\/","title":{"rendered":"Pr\u00e4ludium f\u00fcr 11 (oder 12) Blechblasinstrumente"},"content":{"rendered":"<p>Pr\u00e4ludium f\u00fcr 11 (oder 12) Blechblasinstrumente (2025)<br \/>\nBesetzung: 3 Tompeten (B oder C), 4 H\u00f6rner (F), 3 Posaunen (+ Pos. 4 ad libitum, leichtere Stimme) und Tuba.<br \/>\nPartitur, Stimmen bestellbar nach Anfrage.<br \/>\nDauer: ca. 5 Minuten.<\/p>","protected":false},"excerpt":{"rendered":"<p>Pr\u00e4ludium f\u00fcr 11 (oder 12) Blechblasinstrumente (2025) Besetzung: 3 Tompeten (B oder C), 4 H\u00f6rner (F), 3 Posaunen (+ Pos. 4 ad libitum, leichtere Stimme) und Tuba. Partitur, Stimmen bestellbar nach Anfrage. Dauer: ca. 5 Minuten.<\/p>","protected":false},"featured_media":200,"template":"","meta":{"_acf_changed":false},"product_brand":[],"product_cat":[34],"product_tag":[],"class_list":{"0":"post-199","1":"product","2":"type-product","3":"status-publish","4":"has-post-thumbnail","6":"product_cat-kammermusik","7":"product_shipping_class-maxbrief-bis-1000g","8":"entry","10":"first","11":"instock","12":"taxable","13":"shipping-taxable","14":"purchasable","15":"product-type-simple"},"acf":[],"_links":{"self":[{"href":"https:\/\/edition.somni.de\/en\/wp-json\/wp\/v2\/product\/199","targetHints":{"allow":["GET"]}}],"collection":[{"href":"https:\/\/edition.somni.de\/en\/wp-json\/wp\/v2\/product"}],"about":[{"href":"https:\/\/edition.somni.de\/en\/wp-json\/wp\/v2\/types\/product"}],"wp:featuredmedia":[{"embeddable":true,"href":"https:\/\/edition.somni.de\/en\/wp-json\/wp\/v2\/media\/200"}],"wp:attachment":[{"href":"https:\/\/edition.somni.de\/en\/wp-json\/wp\/v2\/media?parent=199"}],"wp:term":[{"taxonomy":"product_brand","embeddable":true,"href":"https:\/\/edition.somni.de\/en\/wp-json\/wp\/v2\/product_brand?post=199"},{"taxonomy":"product_cat","embeddable":true,"href":"https:\/\/edition.somni.de\/en\/wp-json\/wp\/v2\/product_cat?post=199"},{"taxonomy":"product_tag","embeddable":true,"href":"https:\/\/edition.somni.de\/en\/wp-json\/wp\/v2\/product_tag?post=199"}],"curies":[{"name":"wp","href":"https:\/\/api.w.org\/{rel}","templated":true}]}}