{"id":117,"date":"2025-06-27T08:53:07","date_gmt":"2025-06-27T06:53:07","guid":{"rendered":"https:\/\/edition.somni.de\/?post_type=product&#038;p=117"},"modified":"2025-10-16T08:16:32","modified_gmt":"2025-10-16T06:16:32","slug":"tastenlineal","status":"publish","type":"product","link":"https:\/\/edition.somni.de\/en\/product\/tastenlineal\/","title":{"rendered":"Tastenlineal\u00ae"},"content":{"rendered":"<p class=\"p1\">Das TASTENLINEAL\u00ae ist ein Experimentier-Spielzeug. Es funktioniert simpel, verdeutlicht dabei durchaus komplexe Inhalte. Es wird auf der Klaviertastatur verwendet und besteht aus\u00a0 einer Kunststoffschablone und zwei verschiedenen arten von farbigen Holzperlen.<\/p>\n<p class=\"p1\">Es ist ein musikalisches Werkzeug zum Erkunden verschiedener Tonarten und Skalen, deren Zusammensetzung und Struktur u.v.m. Das Tastenlineal unterst\u00fctzt das Geh\u00f6r und hilft beim Transponieren von kurzen Melodien, Intervallen und Akkorden und macht diese Vorg\u00e4nge sichtbar und fassbar. Die Lesef\u00e4higkeit ist nicht erforderlich.<\/p>\n<p class=\"p1\">Ab 6 Jahre.<\/p>","protected":false},"excerpt":{"rendered":"<p class=\"p1\">TASTENLINEAL<\/p>\n<p class=\"p1\">Ein musikalisches Werkzeug zum Erkunden verschiedener Tonarten und Skalen, deren Zusammensetzung und Struktur u.v.m.<\/p>\n<p class=\"p1\">Ab 6 Jahre.<\/p>","protected":false},"featured_media":118,"template":"","meta":{"_acf_changed":false},"product_brand":[],"product_cat":[40],"product_tag":[],"class_list":{"0":"post-117","1":"product","2":"type-product","3":"status-publish","4":"has-post-thumbnail","6":"product_cat-musikalische-spiele","7":"product_shipping_class-maxbrief-bis-1000g","8":"entry","10":"first","11":"instock","12":"taxable","13":"shipping-taxable","14":"purchasable","15":"product-type-simple"},"acf":[],"_links":{"self":[{"href":"https:\/\/edition.somni.de\/en\/wp-json\/wp\/v2\/product\/117","targetHints":{"allow":["GET"]}}],"collection":[{"href":"https:\/\/edition.somni.de\/en\/wp-json\/wp\/v2\/product"}],"about":[{"href":"https:\/\/edition.somni.de\/en\/wp-json\/wp\/v2\/types\/product"}],"wp:featuredmedia":[{"embeddable":true,"href":"https:\/\/edition.somni.de\/en\/wp-json\/wp\/v2\/media\/118"}],"wp:attachment":[{"href":"https:\/\/edition.somni.de\/en\/wp-json\/wp\/v2\/media?parent=117"}],"wp:term":[{"taxonomy":"product_brand","embeddable":true,"href":"https:\/\/edition.somni.de\/en\/wp-json\/wp\/v2\/product_brand?post=117"},{"taxonomy":"product_cat","embeddable":true,"href":"https:\/\/edition.somni.de\/en\/wp-json\/wp\/v2\/product_cat?post=117"},{"taxonomy":"product_tag","embeddable":true,"href":"https:\/\/edition.somni.de\/en\/wp-json\/wp\/v2\/product_tag?post=117"}],"curies":[{"name":"wp","href":"https:\/\/api.w.org\/{rel}","templated":true}]}}